{"id":7331,"date":"2019-02-14T12:24:01","date_gmt":"2019-02-14T11:24:01","guid":{"rendered":"http:\/\/www.avll.it\/?page_id=7331"},"modified":"2019-02-14T12:25:48","modified_gmt":"2019-02-14T11:25:48","slug":"disclaimer","status":"publish","type":"page","link":"https:\/\/avll.graffitiweb.site\/en\/disclaimer\/","title":{"rendered":"Disclaimer"},"content":{"rendered":"<p><script src=\"https:\/\/apis.google.com\/_\/scs\/apps-static\/_\/js\/k=oz.gapi.en.j1QholfdnmY.O\/m=gapi_iframes_style_slide_menu\/exm=card\/rt=j\/sv=1\/d=1\/ed=1\/am=AQ\/rs=AGLTcCP1BSvtxoI3E2wzG7twjHbDrCUuHA\/t=zcms\/cb=gapi.loaded_1\" async=\"\" type=\"mce-no\/type\"><\/script><\/p>\n<div><strong>Condizioni d\u2019uso del sito AVLL.IT<br \/>\n<\/strong><\/div>\n<div><\/div>\n<div>Benvenuti su AVLL.it (nel seguito riferito semplicemente con AVLL.it), il sito ufficiale di propriet\u00e0 della Associazione Vela Lago di Ledro. Si prega di leggere attentamente queste condizioni prima di procedere con l\u2019uso del sito. Usando il sito AVLL.it queste condizioni vengono automaticamente accettate. Inoltre, usando qualsiasi servizio presente o futuro, erogato dal sito AVLL.it, si \u00e8 soggetti alle condizioni e regole applicabili a tale servizio.<\/div>\n<div><\/div>\n<div><b>1. Accesso al sito AVLL.it<\/b><\/div>\n<div>AVLL.it si adopera affinch\u00e9 l\u2019accessibilit\u00e0 del sito sia ininterrotta e che le trasmissioni non contengano errori. Tuttavia, data la natura stessa di Internet, ci\u00f2 non pu\u00f2 essere garantito. Inoltre, l\u2019accesso al sito potrebbe essere occasionalmente sospeso o ristretto in modo da permettere lavori di ripristino, manutenzione o l\u2019introduzione di nuove funzionalit\u00e0 o nuovi servizi. AVLL.it cercher\u00e0 di limitare la frequenza e la durata di qualsiasi sospensione o restrizione.<\/div>\n<div><\/div>\n<div><b>2. Licenza per l\u2019accesso al sito<br \/>\n<\/b><\/div>\n<div>AVLL.it concede l\u2019autorizzazione all\u2019accesso e all\u2019uso personale del sito, ma non al suo download (escluso il caching delle pagine) o alla sua modifica o di qualsiasi sua parte, se questo non \u00e8 stato preventivamente autorizzato da AVLL.it. L\u2019autorizzazione non include in ogni caso: la rivendita o l\u2019uso commerciale di questo sito o dei suoi contenuti; ogni uso indiretto del sito o di qualsiasi sua parte; qualsiasi forma di estrazione dati, con robots o strumenti similari di raccolta dati ed estrazione dei dati. N\u00e9 il sito, n\u00e9 nessuna delle sua parti possono essere riprodotti, duplicati, copiati, venduti, rivenduti o altrimenti sfruttati per fini commerciali o NON commerciali senza l\u2019esplicito consenso scritto da parte di AVLL.it. Non \u00e8 consentito incorporare o usare in alcun modo nessun marchio, logo o qualsiasi altra informazione proprietaria (ivi incluse immagini, testo, schemi o moduli delle pagine) di AVLL.it senza esplicito consenso scritto. Non possono essere utilizzati \u201cmeta-tag\u201d di alcun tipo, n\u00e9 alcuna altra forma di \u201ctesto nascosto\u201d, per usufruire del nome o dei marchi di AVLL.it senza il consenso scritto di AVLL.it. Ogni uso non autorizzato comporta la cessazione della licenza concessa da AVLL.it. Viene concesso il diritto limitato, revocabile e non esclusivo di creare link alla Home Page di AVLL.it, se tali link non descrivono AVLL.it in modo falso, ingannevole, spregiativo o in alcun modo offensivo. Non \u00e8 consentito usare il logo di AVLL.it, n\u00e9 alcuna altra grafica o marchio proprietari, come parte del link, senza esplicito consenso scritto.<\/div>\n<div><\/div>\n<div><b>3. Condotta dell\u2019utente<\/b><\/div>\n<div>\u00c8 vietato usare il sito in modo tale da causare (realmente o potenzialmente) l\u2019interruzione dell\u2019accesso al sito o il suo danneggiamento. L\u2019utente \u00e8 direttamente responsabile per tutte le comunicazioni elettroniche e i contenuti inviati dal suo computer a AVLL.it e ha l\u2019obbligo di usare il sito esclusivamente per i fini consentiti dalla legge. \u00c8 vietato l\u2019uso del sito per i seguenti scopi: \u2013 scopi fraudolenti, o collegati con reati o altre attivit\u00e0 illegali \u2013 per spedire, usare o riusare qualsiasi materiale illegale, illecito, abusivo, indecente, diffamatorio, osceno o minaccioso; o in violazione del diritto di copyright, del marchio o della privacy o di ogni altro diritto; o che sia in qualsiasi modo ingiurioso verso terze parti; o in qualche modo reprensibile; o che sia un (o contenga un) virus, una campagna politica, una pubblicit\u00e0, una catena di S. Antonio, un mass mailing o qualsiasi forma di \u201cspam\u201d.<\/div>\n<div><\/div>\n<div><b>4. Copyright, diritti d\u2019autore e diritti sui dati.<\/b><\/div>\n<div>Tutti i contenuti del sito, inclusi testo, grafica, loghi, icone per bottoni, immagini, audio clip, video clip e software sono propriet\u00e0 di AVLL.it e dei suoi fornitori di contenuti (come specificati nel sito stesso) e sono protetti dalle leggi internazionali sul copyright, sui diritti d\u2019autore e sui diritti sui dati. E\u2019 vietato usare qualsiasi strumento di data mining, robots o altri strumenti per la raccolta e l\u2019estrazione dei dati, al fine di estrarre e riutilizzare (anche una sola volta) parti sostanziali del sito, se questo non \u00e8 stato autorizzato per iscritto da AVLL.it. Inoltre non \u00e8 consentito creare e\/o pubblicare un proprio database che contenga parti sostanziali di questo sito senza il consenso scritto di AVLL.it<\/div>\n<div><\/div>\n<div><b>5. Comunicazioni elettroniche verso l\u2019utente<\/b><\/div>\n<div>AVLL.it pu\u00f2 comunicare con l\u2019utente per e-mail, attraverso newsletter o pubblicando news sul sito. L\u2019utente acconsente a ricevere le comunicazioni elettroniche, e accetta che le news, le divulgazioni e tutte le comunicazioni che vengono inviate per via elettronica, soddisfano i requisiti legali richiesti dalla legge.<\/div>\n<div><\/div>\n<div><b>6. Alterazioni del servizio o emendamenti delle condizioni<\/b><\/div>\n<div>AVLL si riserva il diritto di fare modifiche in qualsiasi momento a AVLL.IT e a queste Condizioni d\u2019uso. L\u2019utente \u00e8 soggetto alle Condizioni d\u2019Uso in atto al momento del suo utilizzo del sito, a meno che non venga richiesto un cambiamento di tali Condizioni da parte del governo o dalla legge. Se una Condizione \u00e8 considerata non valida, inutile o non applicabile per qualsiasi motivo, tale condizione sar\u00e0 considerata separatamente e non influenzer\u00e0 la validit\u00e0 e l\u2019applicabilit\u00e0 delle restanti condizioni.<\/div>\n","protected":false},"excerpt":{"rendered":"<p>Condizioni d\u2019uso del sito AVLL.IT Benvenuti su AVLL.it (nel seguito riferito semplicemente con AVLL.it), il sito ufficiale di propriet\u00e0 della Associazione Vela Lago di Ledro. Si prega di leggere attentamente queste condizioni prima di procedere con l\u2019uso del sito. Usando il sito AVLL.it queste condizioni vengono automaticamente accettate. Inoltre, usando qualsiasi servizio presente o futuro, [&hellip;]<\/p>\n","protected":false},"author":5,"featured_media":0,"parent":0,"menu_order":0,"comment_status":"closed","ping_status":"closed","template":"","meta":{"footnotes":""},"class_list":["post-7331","page","type-page","status-publish","hentry"],"_links":{"self":[{"href":"https:\/\/avll.graffitiweb.site\/en\/wp-json\/wp\/v2\/pages\/7331","targetHints":{"allow":["GET"]}}],"collection":[{"href":"https:\/\/avll.graffitiweb.site\/en\/wp-json\/wp\/v2\/pages"}],"about":[{"href":"https:\/\/avll.graffitiweb.site\/en\/wp-json\/wp\/v2\/types\/page"}],"author":[{"embeddable":true,"href":"https:\/\/avll.graffitiweb.site\/en\/wp-json\/wp\/v2\/users\/5"}],"replies":[{"embeddable":true,"href":"https:\/\/avll.graffitiweb.site\/en\/wp-json\/wp\/v2\/comments?post=7331"}],"version-history":[{"count":3,"href":"https:\/\/avll.graffitiweb.site\/en\/wp-json\/wp\/v2\/pages\/7331\/revisions"}],"predecessor-version":[{"id":7334,"href":"https:\/\/avll.graffitiweb.site\/en\/wp-json\/wp\/v2\/pages\/7331\/revisions\/7334"}],"wp:attachment":[{"href":"https:\/\/avll.graffitiweb.site\/en\/wp-json\/wp\/v2\/media?parent=7331"}],"curies":[{"name":"wp","href":"https:\/\/api.w.org\/{rel}","templated":true}]}}